{"id":27,"date":"2025-09-24T11:30:35","date_gmt":"2025-09-24T11:30:35","guid":{"rendered":"https:\/\/karinamgwerd.ch\/?page_id=27"},"modified":"2026-03-02T16:57:31","modified_gmt":"2026-03-02T16:57:31","slug":"home","status":"publish","type":"page","link":"https:\/\/karinamgwerd.ch\/","title":{"rendered":"Karin Amgwerd"},"content":{"rendered":"<section class=\"bde-section-27-100 bde-section\">\n  \n  \n\t\n\n\n\n<div class=\"section-container\"><div class=\"bde-div-27-118 bde-div\">\n  \n  \n\t\n\n\n\n<div class=\"bde-div-27-121 bde-div\">\n  \n  \n\t\n\n\n\n<h2 class=\"bde-heading-27-119 bde-heading\">\nErkennen, was dich zur\u00fcckh\u00e4lt \u2013 und wandle es in Klarheit und Gelassenheit\n<\/h2>\n<\/div><div class=\"bde-div-27-120 bde-div\">\n  \n  \n\t\n\n\n\n<div class=\"bde-div-27-175 bde-div\">\n  \n  \n\t\n\n\n\n<div class=\"bde-text-27-117 bde-text\">\nWie oft stellte ich mir die Frage: \u00abGibt es einen Schalter, um das Gedankenkarussell abzustellen?\u00bb  Sorgen, \u00c4ngste, Schmerzen oder der Leistungsdruck im Alltag wirkten oft wie un\u00fcberwindbare Hindernisse. F\u00fcr mich habe ich die Achtsamkeitsmethode MBSR entdeckt und mich darin vertieft und weitergebildet. Dieses Wissen m\u00f6chte ich weitergeben.\n<\/div>\n<\/div>\n<\/div>\n<\/div><\/div>\n<\/section><section class=\"bde-section-27-262 bde-section\">\n  \n  \n\t\n\n\n\n<div class=\"section-container\"><img decoding=\"async\" class=\"bde-image2-27-101 bde-image2\" src=\"https:\/\/karinamgwerd.ch\/wp-content\/uploads\/2025\/10\/Z9C_0027.jpg\" loading=\"lazy\" srcset=\"https:\/\/karinamgwerd.ch\/wp-content\/uploads\/2025\/10\/Z9C_0027.jpg 2000w, https:\/\/karinamgwerd.ch\/wp-content\/uploads\/2025\/10\/Z9C_0027-300x200.jpg 300w, https:\/\/karinamgwerd.ch\/wp-content\/uploads\/2025\/10\/Z9C_0027-1024x682.jpg 1024w, https:\/\/karinamgwerd.ch\/wp-content\/uploads\/2025\/10\/Z9C_0027-768x512.jpg 768w, https:\/\/karinamgwerd.ch\/wp-content\/uploads\/2025\/10\/Z9C_0027-1536x1024.jpg 1536w\" sizes=\"(max-width: 2000px) 100vw, 2000px\"><\/div>\n<\/section><section class=\"bde-section-27-140 bde-section\">\n  \n  \n\t\n\n\n\n<div class=\"section-container\"><div class=\"bde-columns-27-141 bde-columns\"><div class=\"bde-column-27-146 bde-column\">\n  \n  \n\t\n\n\n\n<h3 class=\"bde-heading-27-147 bde-heading\">\nSchmerzlinderung\n<\/h3><div class=\"bde-div-27-148 bde-div\">\n  \n  \n\t\n\n\n\n<div class=\"bde-div-27-173 bde-div\">\n  \n  \n\t\n\n\n\n<div class=\"bde-text-27-149 bde-text\">\nPlagen dich Gedanken wie: \u201eWarum werden meine Schmerzen nicht besser, obwohl ich so viel daf\u00fcr tue?\u201c. Im Achtsamkeitstraining mit dem Schwerpunkt Schmerzlinderung \u00fcbst du einen konstruktiven  Umgang mit Schmerzen zu entwickeln. Bereits kleine aktive Schritte k\u00f6nnen zu sp\u00fcrbarer Entlastung beitragen und helfen, Gef\u00fchle von Ausweglosigkeit und Ohnmacht Schritt f\u00fcr Schritt zu reduzieren.\n<\/div><div class=\"bde-button-27-208 bde-button\">\n    \n                                    \n    \n    \n    \n    \n            \n                    \n            \n            \n\n    \n    \n    \n    \n    \n    <a class=\"breakdance-link button-atom button-atom--primary bde-button__button\" href=\"https:\/\/karinamgwerd.ch\/?page_id=232\" target=\"_self\" data-type=\"url\"  >\n\n    \n        <span class=\"button-atom__text\">Mehr dazu<\/span>\n\n        \n        \n                <\/a>\n\n    \n\n\n<\/div>\n<\/div>\n<\/div>\n<\/div><div class=\"bde-column-27-196 bde-column\">\n  \n  \n\t\n\n\n\n<h3 class=\"bde-heading-27-197 bde-heading\">\nUmgang mit ADHS\n<\/h3><div class=\"bde-div-27-198 bde-div\">\n  \n  \n\t\n\n\n\n<div class=\"bde-div-27-199 bde-div\">\n  \n  \n\t\n\n\n\n<div class=\"bde-text-27-200 bde-text\">\nKennst du das Gef\u00fchl innerer Unruhe \u2013 st\u00e4ndig unter Strom zu stehen, abgelenkt und unkonzentriert zu sein?<br>Achtsamkeitstraining unterst\u00fctzt Menschen mit ADHS dabei, Geist und K\u00f6rper zu beruhigen und bewusster mit ihren Impulsen umzugehen. Wirksam zeigt sich die Kombination aus Achtsamkeits\u00fcbungen und mentalem Training: Sie f\u00f6rdert mehr innere Ruhe, und Fokus, Selbststeuerung und Ruhe im Alltag.<br>\n<\/div><div class=\"bde-button-27-204 bde-button\">\n    \n                                    \n    \n    \n    \n    \n            \n                    \n            \n            \n\n    \n    \n    \n    \n    \n    <a class=\"breakdance-link button-atom button-atom--primary bde-button__button\" href=\"https:\/\/karinamgwerd.ch\/?page_id=550\" target=\"_self\" data-type=\"url\"  >\n\n    \n        <span class=\"button-atom__text\">Mehr dazu<\/span>\n\n        \n        \n                <\/a>\n\n    \n\n\n<\/div>\n<\/div>\n<\/div>\n<\/div><div class=\"bde-column-27-244 bde-column\">\n  \n  \n\t\n\n\n\n<h3 class=\"bde-heading-27-245 bde-heading\">\nStressreduktion\n<\/h3><div class=\"bde-div-27-246 bde-div\">\n  \n  \n\t\n\n\n\n<div class=\"bde-div-27-247 bde-div\">\n  \n  \n\t\n\n\n\n<div class=\"bde-text-27-248 bde-text\">\nF\u00e4llt es Dir schwer, im Alltag zur Ruhe zu kommen?<br>Belasten Dich Schlafprobleme, Ersch\u00f6pfung oder innere Anspannung?<br>Im MBSR-Kurs trainieren wir bew\u00e4hrte Selbstregulationsstrategien, um Stress und allt\u00e4glichen Belastungen wirksam zu begegnen. Die Erfahrung, selbst aktiv zu werden und direkten Einfluss auf das eigene Wohlbefinden zu nehmen, kann Stress bereits sp\u00fcrbar reduzieren.\n<\/div><div class=\"bde-button-27-249 bde-button\">\n    \n                                    \n    \n    \n    \n    \n            \n                    \n            \n            \n\n    \n    \n    \n    \n    \n    <a class=\"breakdance-link button-atom button-atom--primary bde-button__button\" href=\"https:\/\/karinamgwerd.ch\/?page_id=548\" target=\"_self\" data-type=\"url\"  >\n\n    \n        <span class=\"button-atom__text\">Mehr dazu<\/span>\n\n        \n        \n                <\/a>\n\n    \n\n\n<\/div>\n<\/div>\n<\/div>\n<\/div><\/div><\/div>\n<\/section><section class=\"bde-section-27-254 bde-section\">\n  \n  \n\t\n\n\n\n<div class=\"section-container\"><div class=\"bde-advancedslider-27-255 bde-advancedslider\">\n<div class=\"breakdance-swiper-wrapper\" data-swiper-id=\"255\">\n  <div class=\"swiper\">\n    <div class=\"swiper-wrapper\">\n      <div class=\"bde-advancedslide-27-256 bde-advancedslide swiper-slide\">\n<div class=\"advanced-slider__slide\">\n  <div class=\"bde-text-27-215 bde-text\">\n\u00abDer 8-w\u00f6chige MBSR-Kurs bei Karin war etwas vom Besten, was ich je f\u00fcr mich gemacht habe. Mein Stresspegel im Alltag hat sich deutlich reduziert und meine Schlafqualit\u00e4t verbessert. Karin ist eine feinf\u00fchlige und humorvolle Kursleitung, die viel Erfahrung und Wissen mitbringt und zu vermitteln weiss. Sehr schnell habe ich mich wohl gef\u00fchlt und konnte mich dadurch entspannt auf die Inhalte einlassen. Achtsamkeit und Meditation sind Teil meines Alltags geworden, was dazu f\u00fchrt, dass ich mich lebendiger f\u00fchle und mehr bei mir bin. Ich kann den MBSR-Kurs von Karin w\u00e4rmstens weiterempfehlen.\u00bb<br>\n<\/div><div class=\"bde-text-27-240 bde-text\">\nStephanie Christen<br>Heilp\u00e4dagogin, Z\u00fcrich\n<\/div>\n<\/div>\n<\/div><div class=\"bde-advancedslide-27-268 bde-advancedslide swiper-slide\">\n<div class=\"advanced-slider__slide\">\n  <div class=\"bde-text-27-269 bde-text\">\n\u00abDer MBSR Kurs von Karin \u00fcberzeugt durch ihre ganzheitliche Herangehensweise und ihre Authentizit\u00e4t. Karin hat immer pers\u00f6nliche Gedanken und Inputs eingebracht, die mich sehr ber\u00fchrt haben. Den TeilnehmerInnen ist sie bei allem was sich gezeigt hat mit grosser Offenheit und Wertsch\u00e4tzung begegnet, was ich sehr bewundere und wodurch ich mich im Kurs so wohl gef\u00fchlt habe. Die Achtsamkeitspraxis begleitet und bereichert mich auf meinem Weg nachhaltig. Danke Dir von Herzen liebe Karin.\u00bb\n<\/div><div class=\"bde-text-27-270 bde-text\">\nAnja Behme<br>Heilp\u00e4dagogin, Z\u00fcrich\n<\/div>\n<\/div>\n<\/div>\n    <\/div>\n  <\/div>\n\n              <div class=\"swiper-button-prev\">\n            <svg xmlns=\"http:\/\/www.w3.org\/2000\/svg\" viewBox=\"0 0 448 512\"><!--! Font Awesome Free 6.5.1 by @fontawesome - https:\/\/fontawesome.com License - https:\/\/fontawesome.com\/license\/free (Icons: CC BY 4.0, Fonts: SIL OFL 1.1, Code: MIT License) Copyright 2023 Fonticons, Inc. --><path d=\"M9.4 233.4c-12.5 12.5-12.5 32.8 0 45.3l160 160c12.5 12.5 32.8 12.5 45.3 0s12.5-32.8 0-45.3L109.2 288 416 288c17.7 0 32-14.3 32-32s-14.3-32-32-32l-306.7 0L214.6 118.6c12.5-12.5 12.5-32.8 0-45.3s-32.8-12.5-45.3 0l-160 160z\"\/><\/svg>\n        <\/div>\n        <div class=\"swiper-button-next\">\n            <svg xmlns=\"http:\/\/www.w3.org\/2000\/svg\" viewBox=\"0 0 448 512\"><!--! Font Awesome Free 6.5.1 by @fontawesome - https:\/\/fontawesome.com License - https:\/\/fontawesome.com\/license\/free (Icons: CC BY 4.0, Fonts: SIL OFL 1.1, Code: MIT License) Copyright 2023 Fonticons, Inc. --><path d=\"M438.6 278.6c12.5-12.5 12.5-32.8 0-45.3l-160-160c-12.5-12.5-32.8-12.5-45.3 0s-12.5 32.8 0 45.3L338.8 224 32 224c-17.7 0-32 14.3-32 32s14.3 32 32 32l306.7 0L233.4 393.4c-12.5 12.5-12.5 32.8 0 45.3s32.8 12.5 45.3 0l160-160z\"\/><\/svg>\n        <\/div>\n    \n    \n<\/div>\n\n<\/div><\/div>\n<\/section><section class=\"bde-section-27-205 bde-section\">\n  \n  \n\t\n\n\n\n<div class=\"section-container\"><div class=\"bde-button-27-206 bde-button\">\n    \n                                    \n    \n    \n    \n    \n            \n                    \n            \n            \n\n    \n    \n    \n    \n    \n    <a class=\"breakdance-link button-atom button-atom--secondary bde-button__button\" href=\"https:\/\/karinamgwerd.ch\/?page_id=309\" target=\"_self\" data-type=\"url\"  >\n\n    \n        <span class=\"button-atom__text\">Unverbindliches Vorgespr\u00e4ch anfragen<\/span>\n\n        \n        \n                <\/a>\n\n    \n\n\n<\/div><\/div>\n<\/section>","protected":false},"excerpt":{"rendered":"<p>Erkennen, was dich zur\u00fcckh\u00e4lt \u2013 und wandle es in Klarheit und Gelassenheit Wie oft stellte ich mir die Frage: \u00abGibt es einen Schalter, um das Gedankenkarussell abzustellen?\u00bb Sorgen, \u00c4ngste, Schmerzen oder der Leistungsdruck im Alltag wirkten oft wie un\u00fcberwindbare Hindernisse. F\u00fcr mich habe ich die Achtsamkeitsmethode MBSR entdeckt und mich darin vertieft und weitergebildet. Dieses [&hellip;]<\/p>\n","protected":false},"author":1,"featured_media":0,"parent":0,"menu_order":0,"comment_status":"closed","ping_status":"closed","template":"","meta":{"_breakdance_hide_in_design_set":false,"_breakdance_tags":"","footnotes":""},"class_list":["post-27","page","type-page","status-publish","hentry"],"yoast_head":"<!-- This site is optimized with the Yoast SEO plugin v27.0 - https:\/\/yoast.com\/product\/yoast-seo-wordpress\/ -->\n<title>Karin Amgwerd - Karin Amgwerd<\/title>\n<meta name=\"robots\" content=\"noindex, follow, max-snippet:-1, max-image-preview:large, max-video-preview:-1\" \/>\n<meta property=\"og:locale\" content=\"de_DE\" \/>\n<meta property=\"og:type\" content=\"article\" \/>\n<meta property=\"og:title\" content=\"Karin Amgwerd - Karin Amgwerd\" \/>\n<meta property=\"og:description\" content=\"Erkennen, was dich zur\u00fcckh\u00e4lt \u2013 und wandle es in Klarheit und Gelassenheit Wie oft stellte ich mir die Frage: \u00abGibt es einen Schalter, um das Gedankenkarussell abzustellen?\u00bb Sorgen, \u00c4ngste, Schmerzen oder der Leistungsdruck im Alltag wirkten oft wie un\u00fcberwindbare Hindernisse. F\u00fcr mich habe ich die Achtsamkeitsmethode MBSR entdeckt und mich darin vertieft und weitergebildet. Dieses [&hellip;]\" \/>\n<meta property=\"og:url\" content=\"https:\/\/karinamgwerd.ch\/\" \/>\n<meta property=\"og:site_name\" content=\"Karin Amgwerd\" \/>\n<meta property=\"article:modified_time\" content=\"2026-03-02T16:57:31+00:00\" \/>\n<meta name=\"twitter:card\" content=\"summary_large_image\" \/>\n<meta name=\"twitter:label1\" content=\"Gesch\u00e4tzte Lesezeit\" \/>\n\t<meta name=\"twitter:data1\" content=\"3\u00a0Minuten\" \/>\n<script type=\"application\/ld+json\" class=\"yoast-schema-graph\">{\"@context\":\"https:\/\/schema.org\",\"@graph\":[{\"@type\":\"WebPage\",\"@id\":\"https:\/\/karinamgwerd.ch\/\",\"url\":\"https:\/\/karinamgwerd.ch\/\",\"name\":\"Karin Amgwerd - Karin Amgwerd\",\"isPartOf\":{\"@id\":\"https:\/\/karinamgwerd.ch\/#website\"},\"datePublished\":\"2025-09-24T11:30:35+00:00\",\"dateModified\":\"2026-03-02T16:57:31+00:00\",\"breadcrumb\":{\"@id\":\"https:\/\/karinamgwerd.ch\/#breadcrumb\"},\"inLanguage\":\"de\",\"potentialAction\":[{\"@type\":\"ReadAction\",\"target\":[\"https:\/\/karinamgwerd.ch\/\"]}]},{\"@type\":\"BreadcrumbList\",\"@id\":\"https:\/\/karinamgwerd.ch\/#breadcrumb\",\"itemListElement\":[{\"@type\":\"ListItem\",\"position\":1,\"name\":\"Start\",\"item\":\"https:\/\/karinamgwerd.ch\/\"},{\"@type\":\"ListItem\",\"position\":2,\"name\":\"Karin Amgwerd\"}]},{\"@type\":\"WebSite\",\"@id\":\"https:\/\/karinamgwerd.ch\/#website\",\"url\":\"https:\/\/karinamgwerd.ch\/\",\"name\":\"Karin Amgwerd\",\"description\":\"\",\"potentialAction\":[{\"@type\":\"SearchAction\",\"target\":{\"@type\":\"EntryPoint\",\"urlTemplate\":\"https:\/\/karinamgwerd.ch\/?s={search_term_string}\"},\"query-input\":{\"@type\":\"PropertyValueSpecification\",\"valueRequired\":true,\"valueName\":\"search_term_string\"}}],\"inLanguage\":\"de\"}]}<\/script>\n<!-- \/ Yoast SEO plugin. -->","yoast_head_json":{"title":"Karin Amgwerd - Karin Amgwerd","robots":{"index":"noindex","follow":"follow","max-snippet":"max-snippet:-1","max-image-preview":"max-image-preview:large","max-video-preview":"max-video-preview:-1"},"og_locale":"de_DE","og_type":"article","og_title":"Karin Amgwerd - Karin Amgwerd","og_description":"Erkennen, was dich zur\u00fcckh\u00e4lt \u2013 und wandle es in Klarheit und Gelassenheit Wie oft stellte ich mir die Frage: \u00abGibt es einen Schalter, um das Gedankenkarussell abzustellen?\u00bb Sorgen, \u00c4ngste, Schmerzen oder der Leistungsdruck im Alltag wirkten oft wie un\u00fcberwindbare Hindernisse. F\u00fcr mich habe ich die Achtsamkeitsmethode MBSR entdeckt und mich darin vertieft und weitergebildet. Dieses [&hellip;]","og_url":"https:\/\/karinamgwerd.ch\/","og_site_name":"Karin Amgwerd","article_modified_time":"2026-03-02T16:57:31+00:00","twitter_card":"summary_large_image","twitter_misc":{"Gesch\u00e4tzte Lesezeit":"3\u00a0Minuten"},"schema":{"@context":"https:\/\/schema.org","@graph":[{"@type":"WebPage","@id":"https:\/\/karinamgwerd.ch\/","url":"https:\/\/karinamgwerd.ch\/","name":"Karin Amgwerd - Karin Amgwerd","isPartOf":{"@id":"https:\/\/karinamgwerd.ch\/#website"},"datePublished":"2025-09-24T11:30:35+00:00","dateModified":"2026-03-02T16:57:31+00:00","breadcrumb":{"@id":"https:\/\/karinamgwerd.ch\/#breadcrumb"},"inLanguage":"de","potentialAction":[{"@type":"ReadAction","target":["https:\/\/karinamgwerd.ch\/"]}]},{"@type":"BreadcrumbList","@id":"https:\/\/karinamgwerd.ch\/#breadcrumb","itemListElement":[{"@type":"ListItem","position":1,"name":"Start","item":"https:\/\/karinamgwerd.ch\/"},{"@type":"ListItem","position":2,"name":"Karin Amgwerd"}]},{"@type":"WebSite","@id":"https:\/\/karinamgwerd.ch\/#website","url":"https:\/\/karinamgwerd.ch\/","name":"Karin Amgwerd","description":"","potentialAction":[{"@type":"SearchAction","target":{"@type":"EntryPoint","urlTemplate":"https:\/\/karinamgwerd.ch\/?s={search_term_string}"},"query-input":{"@type":"PropertyValueSpecification","valueRequired":true,"valueName":"search_term_string"}}],"inLanguage":"de"}]}},"_links":{"self":[{"href":"https:\/\/karinamgwerd.ch\/index.php?rest_route=\/wp\/v2\/pages\/27","targetHints":{"allow":["GET"]}}],"collection":[{"href":"https:\/\/karinamgwerd.ch\/index.php?rest_route=\/wp\/v2\/pages"}],"about":[{"href":"https:\/\/karinamgwerd.ch\/index.php?rest_route=\/wp\/v2\/types\/page"}],"author":[{"embeddable":true,"href":"https:\/\/karinamgwerd.ch\/index.php?rest_route=\/wp\/v2\/users\/1"}],"replies":[{"embeddable":true,"href":"https:\/\/karinamgwerd.ch\/index.php?rest_route=%2Fwp%2Fv2%2Fcomments&post=27"}],"version-history":[{"count":146,"href":"https:\/\/karinamgwerd.ch\/index.php?rest_route=\/wp\/v2\/pages\/27\/revisions"}],"predecessor-version":[{"id":1075,"href":"https:\/\/karinamgwerd.ch\/index.php?rest_route=\/wp\/v2\/pages\/27\/revisions\/1075"}],"wp:attachment":[{"href":"https:\/\/karinamgwerd.ch\/index.php?rest_route=%2Fwp%2Fv2%2Fmedia&parent=27"}],"curies":[{"name":"wp","href":"https:\/\/api.w.org\/{rel}","templated":true}]}}